{"id":540,"date":"2024-10-28T15:58:55","date_gmt":"2024-10-28T14:58:55","guid":{"rendered":"http:\/\/www.bauhalde-schiffmuehle.ch\/?page_id=540"},"modified":"2026-04-03T10:53:32","modified_gmt":"2026-04-03T08:53:32","slug":"home","status":"publish","type":"page","link":"https:\/\/www.bauhalde-schiffmuehle.ch\/","title":{"rendered":"Startseite"},"content":{"rendered":"\n<div class=\"wp-block-group\"><div class=\"wp-block-group__inner-container is-layout-constrained wp-block-group-is-layout-constrained\">\n<p style=\"font-size:24pt; line-height: 1.3;\">Herzlich willkommen auf der Homepage des Quartierverein Bauhalde-Schiffm\u00fchle<\/p>\n<\/div><\/div>\n\n\n\n<p class=\"has-text-align-center\"><strong>Aktuelle Anl\u00e4sse:<\/strong> <\/p>\n\n\n\n<p><strong><em>09. Mai Besuch der Firma NEFAB in der Schiffm\u00fchle<\/em><\/strong> <strong><em>10.00h &#8211; 12.00h anschliessend fakultativ Grillen<\/em><\/strong>.<em><strong> Anmeldung erforderlich,  s. Jahresprogramm<\/strong><\/em><\/p>\n\n\n\n<p><\/p>\n\n\n\n<p class=\"has-text-align-center\"><\/p>\n\n\n\n<p class=\"has-text-align-center\"><\/p>\n\n\n\n<p><\/p>\n\n\n\n<p><\/p>\n\n\n\n<p><\/p>\n\n\n\n<figure class=\"wp-block-image size-large\"><img loading=\"lazy\" decoding=\"async\" width=\"1024\" height=\"323\" src=\"http:\/\/www.bauhalde-schiffmuehle.ch\/wp-content\/uploads\/2012\/08\/logo_quartierverein_bauhalde_2018-1024x323.png\" alt=\"\" class=\"wp-image-7\" srcset=\"https:\/\/www.bauhalde-schiffmuehle.ch\/wp-content\/uploads\/2012\/08\/logo_quartierverein_bauhalde_2018-1024x323.png 1024w, https:\/\/www.bauhalde-schiffmuehle.ch\/wp-content\/uploads\/2012\/08\/logo_quartierverein_bauhalde_2018-300x95.png 300w, https:\/\/www.bauhalde-schiffmuehle.ch\/wp-content\/uploads\/2012\/08\/logo_quartierverein_bauhalde_2018-768x242.png 768w, https:\/\/www.bauhalde-schiffmuehle.ch\/wp-content\/uploads\/2012\/08\/logo_quartierverein_bauhalde_2018.png 1388w\" sizes=\"auto, (max-width: 1024px) 100vw, 1024px\" \/><\/figure>\n\n\n\n<p><\/p>\n\n\n\n<p><strong>IBAN Nummer f\u00fcr Einzahlungen CH12 8080 8006 7521 2662 6<\/strong><\/p>\n\n\n\n<p><strong>Unsere E-Mail Adresse:<\/strong> bauhalde.schiffmuehle@gmail.com<\/p>\n\n\n\n<p><\/p>\n\n\n\n<p><\/p>\n","protected":false},"excerpt":{"rendered":"<p>Herzlich willkommen auf der Homepage des Quartierverein Bauhalde-Schiffm\u00fchle Aktuelle Anl\u00e4sse: 09. Mai Besuch der Firma NEFAB in der Schiffm\u00fchle 10.00h &#8211; 12.00h anschliessend fakultativ Grillen. Anmeldung erforderlich, s. Jahresprogramm IBAN Nummer f\u00fcr Einzahlungen CH12 8080 8006 7521 2662 6 Unsere &hellip; <a href=\"https:\/\/www.bauhalde-schiffmuehle.ch\/\">Weiterlesen <span class=\"meta-nav\">&rarr;<\/span><\/a><\/p>\n","protected":false},"author":1,"featured_media":0,"parent":0,"menu_order":0,"comment_status":"closed","ping_status":"closed","template":"","meta":{"footnotes":""},"class_list":["post-540","page","type-page","status-publish","hentry"],"_links":{"self":[{"href":"https:\/\/www.bauhalde-schiffmuehle.ch\/index.php?rest_route=\/wp\/v2\/pages\/540","targetHints":{"allow":["GET"]}}],"collection":[{"href":"https:\/\/www.bauhalde-schiffmuehle.ch\/index.php?rest_route=\/wp\/v2\/pages"}],"about":[{"href":"https:\/\/www.bauhalde-schiffmuehle.ch\/index.php?rest_route=\/wp\/v2\/types\/page"}],"author":[{"embeddable":true,"href":"https:\/\/www.bauhalde-schiffmuehle.ch\/index.php?rest_route=\/wp\/v2\/users\/1"}],"replies":[{"embeddable":true,"href":"https:\/\/www.bauhalde-schiffmuehle.ch\/index.php?rest_route=%2Fwp%2Fv2%2Fcomments&post=540"}],"version-history":[{"count":76,"href":"https:\/\/www.bauhalde-schiffmuehle.ch\/index.php?rest_route=\/wp\/v2\/pages\/540\/revisions"}],"predecessor-version":[{"id":1173,"href":"https:\/\/www.bauhalde-schiffmuehle.ch\/index.php?rest_route=\/wp\/v2\/pages\/540\/revisions\/1173"}],"wp:attachment":[{"href":"https:\/\/www.bauhalde-schiffmuehle.ch\/index.php?rest_route=%2Fwp%2Fv2%2Fmedia&parent=540"}],"curies":[{"name":"wp","href":"https:\/\/api.w.org\/{rel}","templated":true}]}}